{"id":120,"date":"2020-11-09T10:26:14","date_gmt":"2020-11-09T10:26:14","guid":{"rendered":"http:\/\/www.bmdanismanlik.com\/?page_id=120"},"modified":"2020-11-09T10:26:14","modified_gmt":"2020-11-09T10:26:14","slug":"zayif-akim-danismanlik","status":"publish","type":"page","link":"http:\/\/www.bmdanismanlik.com\/?page_id=120","title":{"rendered":"Zay\u0131f Ak\u0131m Dan\u0131\u015fmanl\u0131k"},"content":{"rendered":"","protected":false},"excerpt":{"rendered":"","protected":false},"author":1,"featured_media":0,"parent":0,"menu_order":0,"comment_status":"closed","ping_status":"closed","template":"","meta":[],"_links":{"self":[{"href":"http:\/\/www.bmdanismanlik.com\/index.php?rest_route=\/wp\/v2\/pages\/120"}],"collection":[{"href":"http:\/\/www.bmdanismanlik.com\/index.php?rest_route=\/wp\/v2\/pages"}],"about":[{"href":"http:\/\/www.bmdanismanlik.com\/index.php?rest_route=\/wp\/v2\/types\/page"}],"author":[{"embeddable":true,"href":"http:\/\/www.bmdanismanlik.com\/index.php?rest_route=\/wp\/v2\/users\/1"}],"replies":[{"embeddable":true,"href":"http:\/\/www.bmdanismanlik.com\/index.php?rest_route=%2Fwp%2Fv2%2Fcomments&post=120"}],"version-history":[{"count":1,"href":"http:\/\/www.bmdanismanlik.com\/index.php?rest_route=\/wp\/v2\/pages\/120\/revisions"}],"predecessor-version":[{"id":123,"href":"http:\/\/www.bmdanismanlik.com\/index.php?rest_route=\/wp\/v2\/pages\/120\/revisions\/123"}],"wp:attachment":[{"href":"http:\/\/www.bmdanismanlik.com\/index.php?rest_route=%2Fwp%2Fv2%2Fmedia&parent=120"}],"curies":[{"name":"wp","href":"https:\/\/api.w.org\/{rel}","templated":true}]}}