{"id":141,"date":"2020-11-09T10:35:27","date_gmt":"2020-11-09T10:35:27","guid":{"rendered":"http:\/\/www.bmdanismanlik.com\/?page_id=141"},"modified":"2020-11-09T10:35:27","modified_gmt":"2020-11-09T10:35:27","slug":"jenarator-araclari","status":"publish","type":"page","link":"http:\/\/www.bmdanismanlik.com\/?page_id=141","title":{"rendered":"Jenarat\u00f6r Ara\u00e7lar\u0131"},"content":{"rendered":"","protected":false},"excerpt":{"rendered":"","protected":false},"author":1,"featured_media":0,"parent":0,"menu_order":0,"comment_status":"closed","ping_status":"closed","template":"","meta":[],"_links":{"self":[{"href":"http:\/\/www.bmdanismanlik.com\/index.php?rest_route=\/wp\/v2\/pages\/141"}],"collection":[{"href":"http:\/\/www.bmdanismanlik.com\/index.php?rest_route=\/wp\/v2\/pages"}],"about":[{"href":"http:\/\/www.bmdanismanlik.com\/index.php?rest_route=\/wp\/v2\/types\/page"}],"author":[{"embeddable":true,"href":"http:\/\/www.bmdanismanlik.com\/index.php?rest_route=\/wp\/v2\/users\/1"}],"replies":[{"embeddable":true,"href":"http:\/\/www.bmdanismanlik.com\/index.php?rest_route=%2Fwp%2Fv2%2Fcomments&post=141"}],"version-history":[{"count":1,"href":"http:\/\/www.bmdanismanlik.com\/index.php?rest_route=\/wp\/v2\/pages\/141\/revisions"}],"predecessor-version":[{"id":155,"href":"http:\/\/www.bmdanismanlik.com\/index.php?rest_route=\/wp\/v2\/pages\/141\/revisions\/155"}],"wp:attachment":[{"href":"http:\/\/www.bmdanismanlik.com\/index.php?rest_route=%2Fwp%2Fv2%2Fmedia&parent=141"}],"curies":[{"name":"wp","href":"https:\/\/api.w.org\/{rel}","templated":true}]}}