{"id":178,"date":"2020-11-09T11:36:00","date_gmt":"2020-11-09T11:36:00","guid":{"rendered":"http:\/\/www.bmdanismanlik.com\/?page_id=178"},"modified":"2020-11-09T11:36:00","modified_gmt":"2020-11-09T11:36:00","slug":"goruntu-sistemleri-2","status":"publish","type":"page","link":"http:\/\/www.bmdanismanlik.com\/?page_id=178","title":{"rendered":"G\u00f6r\u00fcnt\u00fc Sistemleri"},"content":{"rendered":"","protected":false},"excerpt":{"rendered":"","protected":false},"author":1,"featured_media":0,"parent":0,"menu_order":0,"comment_status":"closed","ping_status":"closed","template":"","meta":[],"_links":{"self":[{"href":"http:\/\/www.bmdanismanlik.com\/index.php?rest_route=\/wp\/v2\/pages\/178"}],"collection":[{"href":"http:\/\/www.bmdanismanlik.com\/index.php?rest_route=\/wp\/v2\/pages"}],"about":[{"href":"http:\/\/www.bmdanismanlik.com\/index.php?rest_route=\/wp\/v2\/types\/page"}],"author":[{"embeddable":true,"href":"http:\/\/www.bmdanismanlik.com\/index.php?rest_route=\/wp\/v2\/users\/1"}],"replies":[{"embeddable":true,"href":"http:\/\/www.bmdanismanlik.com\/index.php?rest_route=%2Fwp%2Fv2%2Fcomments&post=178"}],"version-history":[{"count":1,"href":"http:\/\/www.bmdanismanlik.com\/index.php?rest_route=\/wp\/v2\/pages\/178\/revisions"}],"predecessor-version":[{"id":184,"href":"http:\/\/www.bmdanismanlik.com\/index.php?rest_route=\/wp\/v2\/pages\/178\/revisions\/184"}],"wp:attachment":[{"href":"http:\/\/www.bmdanismanlik.com\/index.php?rest_route=%2Fwp%2Fv2%2Fmedia&parent=178"}],"curies":[{"name":"wp","href":"https:\/\/api.w.org\/{rel}","templated":true}]}}