{"id":54,"date":"2020-11-01T20:16:42","date_gmt":"2020-11-01T20:16:42","guid":{"rendered":"http:\/\/www.bmdanismanlik.com\/?page_id=54"},"modified":"2020-11-09T11:38:12","modified_gmt":"2020-11-09T11:38:12","slug":"hakkimizda-2","status":"publish","type":"page","link":"http:\/\/www.bmdanismanlik.com\/?page_id=54","title":{"rendered":"Hakk\u0131m\u0131zda"},"content":{"rendered":"\n<p>30 y\u0131ll\u0131k i\u015f tecr\u00fcbelerimizi 2020 y\u0131l\u0131nda BM DANI\u015eMANLIK \u00e7at\u0131s\u0131 alt\u0131nda birle\u015ftirerek sizlere daha iyi hizmet vermeyi ama\u00e7lad\u0131k.BM DANI\u015eMANLIK olarak ger\u00e7ekle\u015ftirdi\u011fimiz \u00e7al\u0131\u015fmalar\u0131 siz de\u011ferli dostlar\u0131m\u0131zla payla\u015farak, en g\u00fc\u00e7l\u00fc yard\u0131mc\u0131n\u0131z olmak dile\u011findeyiz&#8230;<\/p>\n","protected":false},"excerpt":{"rendered":"<p>30 y\u0131ll\u0131k i\u015f tecr\u00fcbelerimizi 2020 y\u0131l\u0131nda BM DANI\u015eMANLIK \u00e7at\u0131s\u0131 alt\u0131nda birle\u015ftirerek sizlere daha iyi hizmet vermeyi ama\u00e7lad\u0131k.BM DANI\u015eMANLIK olarak ger\u00e7ekle\u015ftirdi\u011fimiz \u00e7al\u0131\u015fmalar\u0131 siz de\u011ferli dostlar\u0131m\u0131zla payla\u015farak, en g\u00fc\u00e7l\u00fc yard\u0131mc\u0131n\u0131z olmak dile\u011findeyiz&#8230;<\/p>\n","protected":false},"author":1,"featured_media":0,"parent":0,"menu_order":0,"comment_status":"closed","ping_status":"closed","template":"","meta":[],"_links":{"self":[{"href":"http:\/\/www.bmdanismanlik.com\/index.php?rest_route=\/wp\/v2\/pages\/54"}],"collection":[{"href":"http:\/\/www.bmdanismanlik.com\/index.php?rest_route=\/wp\/v2\/pages"}],"about":[{"href":"http:\/\/www.bmdanismanlik.com\/index.php?rest_route=\/wp\/v2\/types\/page"}],"author":[{"embeddable":true,"href":"http:\/\/www.bmdanismanlik.com\/index.php?rest_route=\/wp\/v2\/users\/1"}],"replies":[{"embeddable":true,"href":"http:\/\/www.bmdanismanlik.com\/index.php?rest_route=%2Fwp%2Fv2%2Fcomments&post=54"}],"version-history":[{"count":2,"href":"http:\/\/www.bmdanismanlik.com\/index.php?rest_route=\/wp\/v2\/pages\/54\/revisions"}],"predecessor-version":[{"id":192,"href":"http:\/\/www.bmdanismanlik.com\/index.php?rest_route=\/wp\/v2\/pages\/54\/revisions\/192"}],"wp:attachment":[{"href":"http:\/\/www.bmdanismanlik.com\/index.php?rest_route=%2Fwp%2Fv2%2Fmedia&parent=54"}],"curies":[{"name":"wp","href":"https:\/\/api.w.org\/{rel}","templated":true}]}}